{"id":7,"date":"2018-02-11T16:20:24","date_gmt":"2018-02-11T14:20:24","guid":{"rendered":"http:\/\/www.lexiscope.fi\/?page_id=7"},"modified":"2024-09-20T15:12:02","modified_gmt":"2024-09-20T12:12:02","slug":"etusivu","status":"publish","type":"page","link":"https:\/\/www.lexiscope.fi\/","title":{"rendered":"Kielipalvelu Lexiscope"},"content":{"rendered":"<p>Kielipalvelu Lexiscope tuottaa eri alojen k\u00e4\u00e4nn\u00f6ksi\u00e4 englannista suomeen ja suomesta englantiin yli kymmenen vuoden kokemuksella. Tarvitsitpa sitten tiedotteita, verkkosivuja, k\u00e4ytt\u00f6liittym\u00e4n tekstej\u00e4, raportteja, artikkeleita tai jotakin ihan muuta, ota yhteytt\u00e4 ja tehd\u00e4\u00e4n juuri sinun tarpeisiisi sopiva k\u00e4\u00e4nn\u00f6s.<\/p>\n<p><a href=\"https:\/\/www.lexiscope.fi\/?page_id=69&amp;lang=fi\">Ota yhteytt\u00e4<\/a><\/p>\n<hr \/>\n<p>Kielipalvelu Lexiscope<br \/>\nIlmarinkatu 45 A 12<br \/>\n33500 Tampere<br \/>\n+358505750148<\/p>\n<p>Y-tunnus: 2200839-6<\/p>\n<p><a href=\"http:\/\/www.linkedin.com\/in\/reetta-h\u00e4nninen-004b894\/\" target=\"_blank\" rel=\"noopener\">LinkedIn<\/a><\/p>\n<p><a href=\"https:\/\/www.sktl.fi\/\"><img loading=\"lazy\" decoding=\"async\" class=\"alignnone wp-image-81\" src=\"https:\/\/www.lexiscope.fi\/wp-content\/uploads\/2024\/09\/musta-rgb-fi-jasen-300x86.jpg\" alt=\"SKTL:n j\u00e4sen\" width=\"150\" height=\"43\" srcset=\"https:\/\/www.lexiscope.fi\/wp-content\/uploads\/2024\/09\/musta-rgb-fi-jasen-300x86.jpg 300w, https:\/\/www.lexiscope.fi\/wp-content\/uploads\/2024\/09\/musta-rgb-fi-jasen.jpg 750w\" sizes=\"(max-width: 150px) 100vw, 150px\" \/><\/a><\/p>\n<p><a href=\"https:\/\/www.lexiscope.fi\/?page_id=45&amp;lang=fi\">Tietosuojaseloste<\/a><\/p>\n","protected":false},"excerpt":{"rendered":"<p>Kielipalvelu Lexiscope tuottaa eri alojen k\u00e4\u00e4nn\u00f6ksi\u00e4 englannista suomeen ja suomesta englantiin yli kymmenen vuoden kokemuksella. Tarvitsitpa sitten tiedotteita, verkkosivuja, k\u00e4ytt\u00f6liittym\u00e4n tekstej\u00e4, raportteja, artikkeleita tai jotakin ihan muuta, ota yhteytt\u00e4 ja tehd\u00e4\u00e4n juuri sinun tarpeisiisi sopiva k\u00e4\u00e4nn\u00f6s. Ota yhteytt\u00e4 Kielipalvelu Lexiscope Ilmarinkatu 45 A 12 33500 Tampere +358505750148 Y-tunnus: 2200839-6 LinkedIn Tietosuojaseloste<\/p>\n","protected":false},"author":1,"featured_media":0,"parent":0,"menu_order":0,"comment_status":"closed","ping_status":"closed","template":"","meta":{"footnotes":""},"class_list":["post-7","page","type-page","status-publish","hentry"],"_links":{"self":[{"href":"https:\/\/www.lexiscope.fi\/index.php?rest_route=\/wp\/v2\/pages\/7"}],"collection":[{"href":"https:\/\/www.lexiscope.fi\/index.php?rest_route=\/wp\/v2\/pages"}],"about":[{"href":"https:\/\/www.lexiscope.fi\/index.php?rest_route=\/wp\/v2\/types\/page"}],"author":[{"embeddable":true,"href":"https:\/\/www.lexiscope.fi\/index.php?rest_route=\/wp\/v2\/users\/1"}],"replies":[{"embeddable":true,"href":"https:\/\/www.lexiscope.fi\/index.php?rest_route=%2Fwp%2Fv2%2Fcomments&post=7"}],"version-history":[{"count":8,"href":"https:\/\/www.lexiscope.fi\/index.php?rest_route=\/wp\/v2\/pages\/7\/revisions"}],"predecessor-version":[{"id":83,"href":"https:\/\/www.lexiscope.fi\/index.php?rest_route=\/wp\/v2\/pages\/7\/revisions\/83"}],"wp:attachment":[{"href":"https:\/\/www.lexiscope.fi\/index.php?rest_route=%2Fwp%2Fv2%2Fmedia&parent=7"}],"curies":[{"name":"wp","href":"https:\/\/api.w.org\/{rel}","templated":true}]}}